{"id":29833,"date":"2026-01-12T15:07:28","date_gmt":"2026-01-12T15:07:28","guid":{"rendered":"https:\/\/kinoxa.store\/?page_id=29833"},"modified":"2026-01-12T15:40:49","modified_gmt":"2026-01-12T15:40:49","slug":"industrias","status":"publish","type":"page","link":"https:\/\/kinoxa.com.mx\/?page_id=29833","title":{"rendered":"Industrias"},"content":{"rendered":"\t\t<div data-elementor-type=\"wp-page\" data-elementor-id=\"29833\" class=\"elementor elementor-29833\">\n\t\t\t\t<div class=\"wd-negative-gap elementor-element elementor-element-07d9d3f e-flex e-con-boxed e-con e-parent\" data-id=\"07d9d3f\" data-element_type=\"container\">\n\t\t\t\t\t<div class=\"e-con-inner\">\n\t\t<div class=\"elementor-element elementor-element-810de89 e-grid e-con-full e-con e-child\" data-id=\"810de89\" data-element_type=\"container\">\n\t\t<div class=\"elementor-element elementor-element-db06ccd e-con-full e-flex e-con e-child\" data-id=\"db06ccd\" data-element_type=\"container\">\n\t\t<div class=\"elementor-element elementor-element-c2845b9 e-grid e-con-full e-con e-child\" data-id=\"c2845b9\" data-element_type=\"container\">\n\t\t\t\t<div class=\"elementor-element elementor-element-5273518 elementor-widget elementor-widget-image\" data-id=\"5273518\" data-element_type=\"widget\" data-widget_type=\"image.default\">\n\t\t\t\t\t\t\t\t\t\t\t\t\t\t\t<img loading=\"lazy\" decoding=\"async\" width=\"150\" height=\"150\" src=\"https:\/\/kinoxa.com.mx\/wp-content\/uploads\/2026\/01\/pexels-photo-331107-150x150.jpeg\" class=\"attachment-thumbnail size-thumbnail wp-image-29843\" alt=\"\" srcset=\"https:\/\/kinoxa.com.mx\/wp-content\/uploads\/2026\/01\/pexels-photo-331107-150x150.jpeg 150w, https:\/\/kinoxa.com.mx\/wp-content\/uploads\/2026\/01\/pexels-photo-331107-300x300.jpeg 300w, https:\/\/kinoxa.com.mx\/wp-content\/uploads\/2026\/01\/pexels-photo-331107.jpeg 333w\" sizes=\"auto, (max-width: 150px) 100vw, 150px\" \/>\t\t\t\t\t\t\t\t\t\t\t\t\t\t\t<\/div>\n\t\t\t\t<div class=\"elementor-element elementor-element-5792eff elementor-widget elementor-widget-wd_text_block\" data-id=\"5792eff\" data-element_type=\"widget\" data-widget_type=\"wd_text_block.default\">\n\t\t\t\t<div class=\"elementor-widget-container\">\n\t\t\t\t\t\t\t<div class=\"wd-text-block reset-last-child text-center color-alt\">\n\t\t\t\n\t\t\t<p><a href=\"https:\/\/kinoxa.com.mx\/?product_tag=bares\">Bares<\/a><\/p>\n\t\t\t\t\t<\/div>\n\t\t\t\t\t\t<\/div>\n\t\t\t\t<\/div>\n\t\t\t\t<\/div>\n\t\t\t\t<\/div>\n\t\t<div class=\"elementor-element elementor-element-5a50b9f e-con-full e-flex e-con e-child\" data-id=\"5a50b9f\" data-element_type=\"container\">\n\t\t<div class=\"elementor-element elementor-element-415d70c e-grid e-con-full e-con e-child\" data-id=\"415d70c\" data-element_type=\"container\">\n\t\t\t\t<div class=\"elementor-element elementor-element-a2bdad3 elementor-widget elementor-widget-image\" data-id=\"a2bdad3\" data-element_type=\"widget\" data-widget_type=\"image.default\">\n\t\t\t\t\t\t\t\t\t\t\t\t\t\t\t<img loading=\"lazy\" decoding=\"async\" width=\"150\" height=\"150\" src=\"https:\/\/kinoxa.com.mx\/wp-content\/uploads\/2026\/01\/pexels-photo-331107-150x150.jpeg\" class=\"attachment-thumbnail size-thumbnail wp-image-29843\" alt=\"\" srcset=\"https:\/\/kinoxa.com.mx\/wp-content\/uploads\/2026\/01\/pexels-photo-331107-150x150.jpeg 150w, https:\/\/kinoxa.com.mx\/wp-content\/uploads\/2026\/01\/pexels-photo-331107-300x300.jpeg 300w, https:\/\/kinoxa.com.mx\/wp-content\/uploads\/2026\/01\/pexels-photo-331107.jpeg 333w\" sizes=\"auto, (max-width: 150px) 100vw, 150px\" \/>\t\t\t\t\t\t\t\t\t\t\t\t\t\t\t<\/div>\n\t\t\t\t<div class=\"elementor-element elementor-element-528364e elementor-widget elementor-widget-wd_text_block\" data-id=\"528364e\" data-element_type=\"widget\" data-widget_type=\"wd_text_block.default\">\n\t\t\t\t<div class=\"elementor-widget-container\">\n\t\t\t\t\t\t\t<div class=\"wd-text-block reset-last-child text-center color-alt\">\n\t\t\t\n\t\t\t<p><a href=\"https:\/\/kinoxa.com.mx\/?product_tag=comedor-industrial\">Comedor Industrial<\/a><\/p>\n\t\t\t\t\t<\/div>\n\t\t\t\t\t\t<\/div>\n\t\t\t\t<\/div>\n\t\t\t\t<\/div>\n\t\t\t\t<\/div>\n\t\t<div class=\"elementor-element elementor-element-7e99cad e-con-full e-flex e-con e-child\" data-id=\"7e99cad\" data-element_type=\"container\">\n\t\t<div class=\"elementor-element elementor-element-37580bf e-grid e-con-full e-con e-child\" data-id=\"37580bf\" data-element_type=\"container\">\n\t\t\t\t<div class=\"elementor-element elementor-element-d9e18c0 elementor-widget elementor-widget-image\" data-id=\"d9e18c0\" data-element_type=\"widget\" data-widget_type=\"image.default\">\n\t\t\t\t\t\t\t\t\t\t\t\t\t\t\t<img loading=\"lazy\" decoding=\"async\" width=\"150\" height=\"150\" src=\"https:\/\/kinoxa.com.mx\/wp-content\/uploads\/2026\/01\/pexels-photo-331107-150x150.jpeg\" class=\"attachment-thumbnail size-thumbnail wp-image-29843\" alt=\"\" srcset=\"https:\/\/kinoxa.com.mx\/wp-content\/uploads\/2026\/01\/pexels-photo-331107-150x150.jpeg 150w, https:\/\/kinoxa.com.mx\/wp-content\/uploads\/2026\/01\/pexels-photo-331107-300x300.jpeg 300w, https:\/\/kinoxa.com.mx\/wp-content\/uploads\/2026\/01\/pexels-photo-331107.jpeg 333w\" sizes=\"auto, (max-width: 150px) 100vw, 150px\" \/>\t\t\t\t\t\t\t\t\t\t\t\t\t\t\t<\/div>\n\t\t\t\t<div class=\"elementor-element elementor-element-7df9b94 elementor-widget elementor-widget-wd_text_block\" data-id=\"7df9b94\" data-element_type=\"widget\" data-widget_type=\"wd_text_block.default\">\n\t\t\t\t<div class=\"elementor-widget-container\">\n\t\t\t\t\t\t\t<div class=\"wd-text-block reset-last-child text-center color-alt\">\n\t\t\t\n\t\t\t<p><a href=\"https:\/\/kinoxa.com.mx\/?product_tag=restaurante\">Restaurante<\/a><\/p>\n\t\t\t\t\t<\/div>\n\t\t\t\t\t\t<\/div>\n\t\t\t\t<\/div>\n\t\t\t\t<\/div>\n\t\t\t\t<\/div>\n\t\t<div class=\"elementor-element elementor-element-0913c9c e-con-full e-flex e-con e-child\" data-id=\"0913c9c\" data-element_type=\"container\">\n\t\t<div class=\"elementor-element elementor-element-7e13ca7 e-grid e-con-full e-con e-child\" data-id=\"7e13ca7\" data-element_type=\"container\">\n\t\t\t\t<div class=\"elementor-element elementor-element-186d672 elementor-widget elementor-widget-image\" data-id=\"186d672\" data-element_type=\"widget\" data-widget_type=\"image.default\">\n\t\t\t\t\t\t\t\t\t\t\t\t\t\t\t<img loading=\"lazy\" decoding=\"async\" width=\"150\" height=\"150\" src=\"https:\/\/kinoxa.com.mx\/wp-content\/uploads\/2026\/01\/pexels-photo-331107-150x150.jpeg\" class=\"attachment-thumbnail size-thumbnail wp-image-29843\" alt=\"\" srcset=\"https:\/\/kinoxa.com.mx\/wp-content\/uploads\/2026\/01\/pexels-photo-331107-150x150.jpeg 150w, https:\/\/kinoxa.com.mx\/wp-content\/uploads\/2026\/01\/pexels-photo-331107-300x300.jpeg 300w, https:\/\/kinoxa.com.mx\/wp-content\/uploads\/2026\/01\/pexels-photo-331107.jpeg 333w\" sizes=\"auto, (max-width: 150px) 100vw, 150px\" \/>\t\t\t\t\t\t\t\t\t\t\t\t\t\t\t<\/div>\n\t\t\t\t<div class=\"elementor-element elementor-element-520d98a elementor-widget elementor-widget-wd_text_block\" data-id=\"520d98a\" data-element_type=\"widget\" data-widget_type=\"wd_text_block.default\">\n\t\t\t\t<div class=\"elementor-widget-container\">\n\t\t\t\t\t\t\t<div class=\"wd-text-block reset-last-child text-center color-alt\">\n\t\t\t\n\t\t\t<p><a href=\"https:\/\/kinoxa.com.mx\/?product_tag=hoteles\">Hoteles<\/a><\/p>\n\t\t\t\t\t<\/div>\n\t\t\t\t\t\t<\/div>\n\t\t\t\t<\/div>\n\t\t\t\t<\/div>\n\t\t\t\t<\/div>\n\t\t<div class=\"elementor-element elementor-element-fdb353b e-con-full e-flex e-con e-child\" data-id=\"fdb353b\" data-element_type=\"container\">\n\t\t<div class=\"elementor-element elementor-element-5c2141d e-grid e-con-full e-con e-child\" data-id=\"5c2141d\" data-element_type=\"container\">\n\t\t\t\t<div class=\"elementor-element elementor-element-adbafb6 elementor-widget elementor-widget-image\" data-id=\"adbafb6\" data-element_type=\"widget\" data-widget_type=\"image.default\">\n\t\t\t\t\t\t\t\t\t\t\t\t\t\t\t<img loading=\"lazy\" decoding=\"async\" width=\"150\" height=\"150\" src=\"https:\/\/kinoxa.com.mx\/wp-content\/uploads\/2026\/01\/pexels-photo-331107-150x150.jpeg\" class=\"attachment-thumbnail size-thumbnail wp-image-29843\" alt=\"\" srcset=\"https:\/\/kinoxa.com.mx\/wp-content\/uploads\/2026\/01\/pexels-photo-331107-150x150.jpeg 150w, https:\/\/kinoxa.com.mx\/wp-content\/uploads\/2026\/01\/pexels-photo-331107-300x300.jpeg 300w, https:\/\/kinoxa.com.mx\/wp-content\/uploads\/2026\/01\/pexels-photo-331107.jpeg 333w\" sizes=\"auto, (max-width: 150px) 100vw, 150px\" \/>\t\t\t\t\t\t\t\t\t\t\t\t\t\t\t<\/div>\n\t\t\t\t<div class=\"elementor-element elementor-element-c83bfa2 elementor-widget elementor-widget-wd_text_block\" data-id=\"c83bfa2\" data-element_type=\"widget\" data-widget_type=\"wd_text_block.default\">\n\t\t\t\t<div class=\"elementor-widget-container\">\n\t\t\t\t\t\t\t<div class=\"wd-text-block reset-last-child text-center color-alt\">\n\t\t\t\n\t\t\t<p><a href=\"https:\/\/kinoxa.com.mx\/?product_tag=cafeteria\">Cafeter\u00eda<\/a><\/p>\n\t\t\t\t\t<\/div>\n\t\t\t\t\t\t<\/div>\n\t\t\t\t<\/div>\n\t\t\t\t<\/div>\n\t\t\t\t<\/div>\n\t\t<div class=\"elementor-element elementor-element-e0a3141 e-con-full e-flex e-con e-child\" data-id=\"e0a3141\" data-element_type=\"container\">\n\t\t<div class=\"elementor-element elementor-element-faad44f e-grid e-con-full e-con e-child\" data-id=\"faad44f\" data-element_type=\"container\">\n\t\t\t\t<div class=\"elementor-element elementor-element-7748ed4 elementor-widget elementor-widget-image\" data-id=\"7748ed4\" data-element_type=\"widget\" data-widget_type=\"image.default\">\n\t\t\t\t\t\t\t\t\t\t\t\t\t\t\t<img loading=\"lazy\" decoding=\"async\" width=\"150\" height=\"150\" src=\"https:\/\/kinoxa.com.mx\/wp-content\/uploads\/2026\/01\/pexels-photo-331107-150x150.jpeg\" class=\"attachment-thumbnail size-thumbnail wp-image-29843\" alt=\"\" srcset=\"https:\/\/kinoxa.com.mx\/wp-content\/uploads\/2026\/01\/pexels-photo-331107-150x150.jpeg 150w, https:\/\/kinoxa.com.mx\/wp-content\/uploads\/2026\/01\/pexels-photo-331107-300x300.jpeg 300w, https:\/\/kinoxa.com.mx\/wp-content\/uploads\/2026\/01\/pexels-photo-331107.jpeg 333w\" sizes=\"auto, (max-width: 150px) 100vw, 150px\" \/>\t\t\t\t\t\t\t\t\t\t\t\t\t\t\t<\/div>\n\t\t\t\t<div class=\"elementor-element elementor-element-5b16fd8 elementor-widget elementor-widget-wd_text_block\" data-id=\"5b16fd8\" data-element_type=\"widget\" data-widget_type=\"wd_text_block.default\">\n\t\t\t\t<div class=\"elementor-widget-container\">\n\t\t\t\t\t\t\t<div class=\"wd-text-block reset-last-child text-center color-alt\">\n\t\t\t\n\t\t\t<p><a href=\"https:\/\/kinoxa.com.mx\/?product_tag=pizzeria\">Pizzer\u00eda<\/a><\/p>\n\t\t\t\t\t<\/div>\n\t\t\t\t\t\t<\/div>\n\t\t\t\t<\/div>\n\t\t\t\t<\/div>\n\t\t\t\t<\/div>\n\t\t<div class=\"elementor-element elementor-element-2b7312a e-con-full e-flex e-con e-child\" data-id=\"2b7312a\" data-element_type=\"container\">\n\t\t<div class=\"elementor-element elementor-element-f348c17 e-grid e-con-full e-con e-child\" data-id=\"f348c17\" data-element_type=\"container\">\n\t\t\t\t<div class=\"elementor-element elementor-element-a71774c elementor-widget elementor-widget-image\" data-id=\"a71774c\" data-element_type=\"widget\" data-widget_type=\"image.default\">\n\t\t\t\t\t\t\t\t\t\t\t\t\t\t\t<img loading=\"lazy\" decoding=\"async\" width=\"150\" height=\"150\" src=\"https:\/\/kinoxa.com.mx\/wp-content\/uploads\/2026\/01\/pexels-photo-331107-150x150.jpeg\" class=\"attachment-thumbnail size-thumbnail wp-image-29843\" alt=\"\" srcset=\"https:\/\/kinoxa.com.mx\/wp-content\/uploads\/2026\/01\/pexels-photo-331107-150x150.jpeg 150w, https:\/\/kinoxa.com.mx\/wp-content\/uploads\/2026\/01\/pexels-photo-331107-300x300.jpeg 300w, https:\/\/kinoxa.com.mx\/wp-content\/uploads\/2026\/01\/pexels-photo-331107.jpeg 333w\" sizes=\"auto, (max-width: 150px) 100vw, 150px\" \/>\t\t\t\t\t\t\t\t\t\t\t\t\t\t\t<\/div>\n\t\t\t\t<div class=\"elementor-element elementor-element-a96ecef elementor-widget elementor-widget-wd_text_block\" data-id=\"a96ecef\" data-element_type=\"widget\" data-widget_type=\"wd_text_block.default\">\n\t\t\t\t<div class=\"elementor-widget-container\">\n\t\t\t\t\t\t\t<div class=\"wd-text-block reset-last-child text-center color-alt\">\n\t\t\t\n\t\t\t<p><a href=\"https:\/\/kinoxa.com.mx\/?product_tag=pasteleria\">Pasteler\u00eda<\/a><\/p>\n\t\t\t\t\t<\/div>\n\t\t\t\t\t\t<\/div>\n\t\t\t\t<\/div>\n\t\t\t\t<\/div>\n\t\t\t\t<\/div>\n\t\t<div class=\"elementor-element elementor-element-398d509 e-con-full e-flex e-con e-child\" data-id=\"398d509\" data-element_type=\"container\">\n\t\t<div class=\"elementor-element elementor-element-313a024 e-grid e-con-full e-con e-child\" data-id=\"313a024\" data-element_type=\"container\">\n\t\t\t\t<div class=\"elementor-element elementor-element-8874d29 elementor-widget elementor-widget-image\" data-id=\"8874d29\" data-element_type=\"widget\" data-widget_type=\"image.default\">\n\t\t\t\t\t\t\t\t\t\t\t\t\t\t\t<img loading=\"lazy\" decoding=\"async\" width=\"150\" height=\"150\" src=\"https:\/\/kinoxa.com.mx\/wp-content\/uploads\/2026\/01\/pexels-photo-331107-150x150.jpeg\" class=\"attachment-thumbnail size-thumbnail wp-image-29843\" alt=\"\" srcset=\"https:\/\/kinoxa.com.mx\/wp-content\/uploads\/2026\/01\/pexels-photo-331107-150x150.jpeg 150w, https:\/\/kinoxa.com.mx\/wp-content\/uploads\/2026\/01\/pexels-photo-331107-300x300.jpeg 300w, https:\/\/kinoxa.com.mx\/wp-content\/uploads\/2026\/01\/pexels-photo-331107.jpeg 333w\" sizes=\"auto, (max-width: 150px) 100vw, 150px\" \/>\t\t\t\t\t\t\t\t\t\t\t\t\t\t\t<\/div>\n\t\t\t\t<div class=\"elementor-element elementor-element-b6a5d92 elementor-widget elementor-widget-wd_text_block\" data-id=\"b6a5d92\" data-element_type=\"widget\" data-widget_type=\"wd_text_block.default\">\n\t\t\t\t<div class=\"elementor-widget-container\">\n\t\t\t\t\t\t\t<div class=\"wd-text-block reset-last-child text-center color-alt\">\n\t\t\t\n\t\t\t<p><a href=\"https:\/\/kinoxa.com.mx\/?product_tag=carnicerias\">Carnicer\u00eda<\/a><\/p>\n\t\t\t\t\t<\/div>\n\t\t\t\t\t\t<\/div>\n\t\t\t\t<\/div>\n\t\t\t\t<\/div>\n\t\t\t\t<\/div>\n\t\t\t\t<\/div>\n\t\t\t\t\t<\/div>\n\t\t\t\t<\/div>\n\t\t\t\t<\/div>\n\t\t","protected":false},"excerpt":{"rendered":"<p>Bares Comedor Industrial Restaurante Hoteles Cafeter\u00eda Pizzer\u00eda Pasteler\u00eda Carnicer\u00eda<\/p>\n","protected":false},"author":1,"featured_media":0,"parent":0,"menu_order":0,"comment_status":"closed","ping_status":"closed","template":"","meta":{"_acf_changed":false,"footnotes":""},"class_list":["post-29833","page","type-page","status-publish","hentry"],"acf":[],"_links":{"self":[{"href":"https:\/\/kinoxa.com.mx\/index.php?rest_route=\/wp\/v2\/pages\/29833","targetHints":{"allow":["GET"]}}],"collection":[{"href":"https:\/\/kinoxa.com.mx\/index.php?rest_route=\/wp\/v2\/pages"}],"about":[{"href":"https:\/\/kinoxa.com.mx\/index.php?rest_route=\/wp\/v2\/types\/page"}],"author":[{"embeddable":true,"href":"https:\/\/kinoxa.com.mx\/index.php?rest_route=\/wp\/v2\/users\/1"}],"replies":[{"embeddable":true,"href":"https:\/\/kinoxa.com.mx\/index.php?rest_route=%2Fwp%2Fv2%2Fcomments&post=29833"}],"version-history":[{"count":22,"href":"https:\/\/kinoxa.com.mx\/index.php?rest_route=\/wp\/v2\/pages\/29833\/revisions"}],"predecessor-version":[{"id":29858,"href":"https:\/\/kinoxa.com.mx\/index.php?rest_route=\/wp\/v2\/pages\/29833\/revisions\/29858"}],"wp:attachment":[{"href":"https:\/\/kinoxa.com.mx\/index.php?rest_route=%2Fwp%2Fv2%2Fmedia&parent=29833"}],"curies":[{"name":"wp","href":"https:\/\/api.w.org\/{rel}","templated":true}]}}