{"id":1404,"date":"2026-01-02T21:00:18","date_gmt":"2026-01-02T21:00:18","guid":{"rendered":"https:\/\/kinoxa.store\/?post_type=product&#038;p=1404"},"modified":"2026-01-02T21:01:45","modified_gmt":"2026-01-02T21:01:45","slug":"refrigerador-vertical-1-puerta-solida-asber-arr-17-hc","status":"publish","type":"product","link":"https:\/\/kinoxa.com.mx\/?product=refrigerador-vertical-1-puerta-solida-asber-arr-17-hc","title":{"rendered":"Refrigerador Vertical 1 Puerta S\u00f3lida Asber ARR-17 HC"},"content":{"rendered":"<p><img loading=\"lazy\" decoding=\"async\" class=\"alignnone size-medium wp-image-1405\" src=\"https:\/\/kinoxa.com.mx\/wp-content\/uploads\/2026\/01\/ARR-17-HC-ARF-17-HC-133x300.png\" alt=\"\" width=\"133\" height=\"300\" srcset=\"https:\/\/kinoxa.com.mx\/wp-content\/uploads\/2026\/01\/ARR-17-HC-ARF-17-HC-133x300.png 133w, https:\/\/kinoxa.com.mx\/wp-content\/uploads\/2026\/01\/ARR-17-HC-ARF-17-HC-scaled-150x337.png 150w, https:\/\/kinoxa.com.mx\/wp-content\/uploads\/2026\/01\/ARR-17-HC-ARF-17-HC-456x1024.png 456w, https:\/\/kinoxa.com.mx\/wp-content\/uploads\/2026\/01\/ARR-17-HC-ARF-17-HC-768x1726.png 768w, https:\/\/kinoxa.com.mx\/wp-content\/uploads\/2026\/01\/ARR-17-HC-ARF-17-HC-683x1536.png 683w, https:\/\/kinoxa.com.mx\/wp-content\/uploads\/2026\/01\/ARR-17-HC-ARF-17-HC-911x2048.png 911w, https:\/\/kinoxa.com.mx\/wp-content\/uploads\/2026\/01\/ARR-17-HC-ARF-17-HC-1200x2697.png 1200w, https:\/\/kinoxa.com.mx\/wp-content\/uploads\/2026\/01\/ARR-17-HC-ARF-17-HC-scaled.png 1139w\" sizes=\"auto, (max-width: 133px) 100vw, 133px\" \/><\/p>\n","protected":false},"excerpt":{"rendered":"<p><span data-sheets-root=\"1\">Refrigerador Vertical 1 Puerta S\u00f3lida Asber ARR-17 HC<br \/>\nCONSTRUCCION<br \/>\nConstrucci\u00f3n exterior e interior en acero inoxidable, excepto respaldo.<br \/>\nInteriores con cantos sanitarios que cumplen con los requerimientos NSF-7 para la seguridad alimenticia.<br \/>\nAislamiento de poliuretano inyectado de 50 mm de espesor y 40 Kg.\/m\u00b3 de densidad, sin CFC.<br \/>\nIluminaci\u00f3n interior con luz de LED.<\/p>\n<p>PUERTAS<br \/>\nPuertas s\u00f3lidas o de cristal:<br \/>\nPaneles s\u00f3lidos con contrapuertas en acero inoxidable.<br \/>\nPaneles de cristal dobles + filtro Low-e con gas arg\u00f3n.<br \/>\nSellos de puertas magn\u00e9ticos f\u00e1cilmente removibles (sin herramientas).<br \/>\nPuertas abatibles con dispositivo de cierre autom\u00e1tico en apertura de menos de 90\u00b0 para evitar la p\u00e9rdida de temperatura.<br \/>\nPuertas con dispositivo de apertura permanente a 120\u00b0 para facilitar la carga y descarga de producto.<br \/>\nCerraduras con llaves maestras.<br \/>\n<!--more-->SISTEMA DE REFRIGERACION<br \/>\nSistema de refrigeraci\u00f3n de tiro forzado, gas refrigerante ecol\u00f3gico R290.<br \/>\nCompresores herm\u00e9ticos con condensadores ventilados.<br \/>\nCondensador con motor electr\u00f3nico de doble giro autom\u00e1tico, el cual evita la acumulaci\u00f3n de polvo durante la operaci\u00f3n del equipo, favoreciendo el bajo mantenimiento.<br \/>\nEvaporadores de tubo de cobre y aletas de aluminio con recubrimiento ep\u00f3xico.<br \/>\nEvaporaci\u00f3n autom\u00e1tica del agua de deshielo.<br \/>\nControles electr\u00f3nicos de temperatura y de deshielo con visores digitales.<br \/>\nTemperatura de trabajo: 0 \u00b0C a 4 \u00b0C en ambiente externo de 32 \u00b0C y 65% de H.R.<\/p>\n<p>DOTACION<br \/>\nParrillas con recubrimiento ep\u00f3xico, ajustables en altura.<br \/>\nIncluyen cable y clavija Nema 5-15P.<\/p>\n<p>REFRIGERADORES \u201c17\u201d<br \/>\nPuerta reversible, intercambiable en campo.<br \/>\nKit de (4) ruedas de 3\u201d de di\u00e1metro, de las cuales las 2 frontales llevan freno.<br \/>\nPuertas: 1 Parrillas: 3 Capacidad (ft\u00b3): 17.0 Amperaje: 2.5 Medidas: 700 x 679 x 1959<\/span><\/p>\n","protected":false},"featured_media":1405,"comment_status":"open","ping_status":"closed","template":"","meta":{"_acf_changed":false},"product_brand":[95],"product_cat":[90],"product_tag":[96],"class_list":{"0":"post-1404","1":"product","2":"type-product","3":"status-publish","4":"has-post-thumbnail","6":"product_brand-asber","7":"product_cat-refrigeradores","8":"product_tag-comedor-industrial","10":"first","11":"instock","12":"taxable","13":"shipping-taxable","14":"purchasable","15":"product-type-simple"},"acf":[],"_links":{"self":[{"href":"https:\/\/kinoxa.com.mx\/index.php?rest_route=\/wp\/v2\/product\/1404","targetHints":{"allow":["GET"]}}],"collection":[{"href":"https:\/\/kinoxa.com.mx\/index.php?rest_route=\/wp\/v2\/product"}],"about":[{"href":"https:\/\/kinoxa.com.mx\/index.php?rest_route=\/wp\/v2\/types\/product"}],"replies":[{"embeddable":true,"href":"https:\/\/kinoxa.com.mx\/index.php?rest_route=%2Fwp%2Fv2%2Fcomments&post=1404"}],"version-history":[{"count":4,"href":"https:\/\/kinoxa.com.mx\/index.php?rest_route=\/wp\/v2\/product\/1404\/revisions"}],"predecessor-version":[{"id":1408,"href":"https:\/\/kinoxa.com.mx\/index.php?rest_route=\/wp\/v2\/product\/1404\/revisions\/1408"}],"wp:featuredmedia":[{"embeddable":true,"href":"https:\/\/kinoxa.com.mx\/index.php?rest_route=\/wp\/v2\/media\/1405"}],"wp:attachment":[{"href":"https:\/\/kinoxa.com.mx\/index.php?rest_route=%2Fwp%2Fv2%2Fmedia&parent=1404"}],"wp:term":[{"taxonomy":"product_brand","embeddable":true,"href":"https:\/\/kinoxa.com.mx\/index.php?rest_route=%2Fwp%2Fv2%2Fproduct_brand&post=1404"},{"taxonomy":"product_cat","embeddable":true,"href":"https:\/\/kinoxa.com.mx\/index.php?rest_route=%2Fwp%2Fv2%2Fproduct_cat&post=1404"},{"taxonomy":"product_tag","embeddable":true,"href":"https:\/\/kinoxa.com.mx\/index.php?rest_route=%2Fwp%2Fv2%2Fproduct_tag&post=1404"}],"curies":[{"name":"wp","href":"https:\/\/api.w.org\/{rel}","templated":true}]}}