{"id":1476,"date":"2026-01-02T22:42:50","date_gmt":"2026-01-02T22:42:50","guid":{"rendered":"https:\/\/kinoxa.store\/?post_type=product&#038;p=1476"},"modified":"2026-01-02T22:42:50","modified_gmt":"2026-01-02T22:42:50","slug":"cafetera-super-automatica-franke-a1000","status":"publish","type":"product","link":"https:\/\/kinoxa.com.mx\/?product=cafetera-super-automatica-franke-a1000","title":{"rendered":"Cafetera Super Automatica Franke  A1000"},"content":{"rendered":"<p><span data-sheets-root=\"1\">Cafetera Super Automatica Franke A1000<\/p>\n<p>La A1000 produce incluso grandes cantidades de bebidas de todas las variedades con una calidad excepcional constante, desde todo tipo de caf\u00e9s de sabores y tentadoras creaciones<\/p>\n<p>A1000: \u00danico en cinco sentidos.<\/p>\n<p>El A1000 muestra una individualidad impresionante para un disfrute excepcional y tiene cinco fuertes puntos de venta que son \u00fanicos:<\/p>\n<p>Disfruta a\u00fan m\u00e1s variedades de caf\u00e9 con seis sabores<br \/>\n-Asegura consistencia en cada taza.<br \/>\n-Define y programa el tipo de bebida.<br \/>\n-Variedad de bebidas de primera calidad.<br \/>\n-iQFlow\u2122<br \/>\n-FoamMaster\u2122 para una espuma de leche de ensue\u00f1o<br \/>\n-Modularidad y flexibilidad.<br \/>\n-CleanMaster incluido de serie. M\u00e1xima higiene y limpieza totalmente autom\u00e1tica<br \/>\n-Pantalla t\u00e1ctil<br \/>\n-220 Voltios<\/span><\/p>\n","protected":false},"excerpt":{"rendered":"<p><span data-sheets-root=\"1\">Cafetera Super Automatica Franke A1000<\/p>\n<p>La A1000 produce incluso grandes cantidades de bebidas de todas las variedades con una calidad excepcional constante, desde todo tipo de caf\u00e9s de sabores y tentadoras creaciones<\/p>\n<p>A1000: \u00danico en cinco sentidos.<\/p>\n<p>El A1000 muestra una individualidad impresionante para un disfrute excepcional y tiene cinco fuertes puntos de venta que son \u00fanicos:<\/p>\n<p>Disfruta a\u00fan m\u00e1s variedades de caf\u00e9 con seis sabores<br \/>\n-Asegura consistencia en cada taza.<br \/>\n-Define y programa el tipo de bebida.<br \/>\n-Variedad de bebidas de primera calidad.<br \/>\n-iQFlow\u2122<br \/>\n-FoamMaster\u2122 para una espuma de leche de ensue\u00f1o<br \/>\n-Modularidad y flexibilidad.<br \/>\n-CleanMaster incluido de serie. M\u00e1xima higiene y limpieza totalmente autom\u00e1tica<br \/>\n-Pantalla t\u00e1ctil<br \/>\n-220 Voltios<\/span><\/p>\n","protected":false},"featured_media":1477,"comment_status":"open","ping_status":"closed","template":"","meta":{"_acf_changed":false},"product_brand":[117],"product_cat":[116],"product_tag":[118],"class_list":{"0":"post-1476","1":"product","2":"type-product","3":"status-publish","4":"has-post-thumbnail","6":"product_brand-franke","7":"product_cat-cafeteras","8":"product_tag-cafeteria","10":"first","11":"instock","12":"taxable","13":"shipping-taxable","14":"purchasable","15":"product-type-simple"},"acf":[],"_links":{"self":[{"href":"https:\/\/kinoxa.com.mx\/index.php?rest_route=\/wp\/v2\/product\/1476","targetHints":{"allow":["GET"]}}],"collection":[{"href":"https:\/\/kinoxa.com.mx\/index.php?rest_route=\/wp\/v2\/product"}],"about":[{"href":"https:\/\/kinoxa.com.mx\/index.php?rest_route=\/wp\/v2\/types\/product"}],"replies":[{"embeddable":true,"href":"https:\/\/kinoxa.com.mx\/index.php?rest_route=%2Fwp%2Fv2%2Fcomments&post=1476"}],"version-history":[{"count":1,"href":"https:\/\/kinoxa.com.mx\/index.php?rest_route=\/wp\/v2\/product\/1476\/revisions"}],"predecessor-version":[{"id":1478,"href":"https:\/\/kinoxa.com.mx\/index.php?rest_route=\/wp\/v2\/product\/1476\/revisions\/1478"}],"wp:featuredmedia":[{"embeddable":true,"href":"https:\/\/kinoxa.com.mx\/index.php?rest_route=\/wp\/v2\/media\/1477"}],"wp:attachment":[{"href":"https:\/\/kinoxa.com.mx\/index.php?rest_route=%2Fwp%2Fv2%2Fmedia&parent=1476"}],"wp:term":[{"taxonomy":"product_brand","embeddable":true,"href":"https:\/\/kinoxa.com.mx\/index.php?rest_route=%2Fwp%2Fv2%2Fproduct_brand&post=1476"},{"taxonomy":"product_cat","embeddable":true,"href":"https:\/\/kinoxa.com.mx\/index.php?rest_route=%2Fwp%2Fv2%2Fproduct_cat&post=1476"},{"taxonomy":"product_tag","embeddable":true,"href":"https:\/\/kinoxa.com.mx\/index.php?rest_route=%2Fwp%2Fv2%2Fproduct_tag&post=1476"}],"curies":[{"name":"wp","href":"https:\/\/api.w.org\/{rel}","templated":true}]}}