{"id":1502,"date":"2026-01-02T23:08:28","date_gmt":"2026-01-02T23:08:28","guid":{"rendered":"https:\/\/kinoxa.store\/?post_type=product&#038;p=1502"},"modified":"2026-01-28T17:17:42","modified_gmt":"2026-01-28T17:17:42","slug":"refrigerador-m3-turbo-air-m3r24-1-n","status":"publish","type":"product","link":"https:\/\/kinoxa.com.mx\/?product=refrigerador-m3-turbo-air-m3r24-1-n","title":{"rendered":"Refrigerador M3, Turbo Air M3R24-1-N"},"content":{"rendered":"<p><span data-sheets-root=\"1\">Refrigerador M3, Turbo Air M3R24-1-N de una secci\u00f3n, con capacidad de 21,6 pies c\u00fabicos, medidas 730.25 x 781 x 1981 cm, refrigeraci\u00f3n aut\u00f3noma de montaje superior con condensador autolimpiante, (1) puerta s\u00f3lida con bisagras reversibles en campo con cerradura, controlador de temperatura digital LED exterior, sistema de monitoreo de autodiagn\u00f3stico, retrasos autom\u00e1ticos del motor del ventilador, iluminaci\u00f3n interior LED, (3) estantes de alambre revestidos de PE, interior de aluminio con piso de acero inoxidable, frente y costados de acero inoxidable (parte superior, inferior y posterior de acero galvanizado), refrigerante de hidrocarburo R290, 1\/4+ HP, 115v\/60\/1-ph, 2,5 amps, cable con NEMA 5-15P, ETL-Sanitation, cETLus, ENERGY STAR\u00ae<\/span><\/p>\n","protected":false},"excerpt":{"rendered":"<p><span data-sheets-root=\"1\">Refrigerador M3, Turbo Air M3R24-1-N de una secci\u00f3n, con capacidad de 21,6 pies c\u00fabicos, medidas 730.25 x 781 x 1981 cm, refrigeraci\u00f3n aut\u00f3noma de montaje superior con condensador autolimpiante, (1) puerta s\u00f3lida con bisagras reversibles en campo con cerradura, controlador de temperatura digital LED exterior, sistema de monitoreo de autodiagn\u00f3stico, retrasos autom\u00e1ticos del motor del ventilador, iluminaci\u00f3n interior LED, (3) estantes de alambre revestidos de PE, interior de aluminio con piso de acero inoxidable, frente y costados de acero inoxidable (parte superior, inferior y posterior de acero galvanizado), refrigerante de hidrocarburo R290, 1\/4+ HP, 115v\/60\/1-ph, 2,5 amps, cable con NEMA 5-15P, ETL-Sanitation, cETLus, ENERGY STAR\u00ae<\/span><\/p>\n","protected":false},"featured_media":1503,"comment_status":"open","ping_status":"closed","template":"","meta":{"_acf_changed":false},"product_brand":[127],"product_cat":[89,90],"product_tag":[101],"class_list":{"0":"post-1502","1":"product","2":"type-product","3":"status-publish","4":"has-post-thumbnail","6":"product_brand-turbo-air","7":"product_cat-refrigeracion","8":"product_cat-refrigeradores","9":"product_tag-todos","11":"first","12":"instock","13":"taxable","14":"shipping-taxable","15":"purchasable","16":"product-type-simple"},"acf":[],"_links":{"self":[{"href":"https:\/\/kinoxa.com.mx\/index.php?rest_route=\/wp\/v2\/product\/1502","targetHints":{"allow":["GET"]}}],"collection":[{"href":"https:\/\/kinoxa.com.mx\/index.php?rest_route=\/wp\/v2\/product"}],"about":[{"href":"https:\/\/kinoxa.com.mx\/index.php?rest_route=\/wp\/v2\/types\/product"}],"replies":[{"embeddable":true,"href":"https:\/\/kinoxa.com.mx\/index.php?rest_route=%2Fwp%2Fv2%2Fcomments&post=1502"}],"version-history":[{"count":3,"href":"https:\/\/kinoxa.com.mx\/index.php?rest_route=\/wp\/v2\/product\/1502\/revisions"}],"predecessor-version":[{"id":30118,"href":"https:\/\/kinoxa.com.mx\/index.php?rest_route=\/wp\/v2\/product\/1502\/revisions\/30118"}],"wp:featuredmedia":[{"embeddable":true,"href":"https:\/\/kinoxa.com.mx\/index.php?rest_route=\/wp\/v2\/media\/1503"}],"wp:attachment":[{"href":"https:\/\/kinoxa.com.mx\/index.php?rest_route=%2Fwp%2Fv2%2Fmedia&parent=1502"}],"wp:term":[{"taxonomy":"product_brand","embeddable":true,"href":"https:\/\/kinoxa.com.mx\/index.php?rest_route=%2Fwp%2Fv2%2Fproduct_brand&post=1502"},{"taxonomy":"product_cat","embeddable":true,"href":"https:\/\/kinoxa.com.mx\/index.php?rest_route=%2Fwp%2Fv2%2Fproduct_cat&post=1502"},{"taxonomy":"product_tag","embeddable":true,"href":"https:\/\/kinoxa.com.mx\/index.php?rest_route=%2Fwp%2Fv2%2Fproduct_tag&post=1502"}],"curies":[{"name":"wp","href":"https:\/\/api.w.org\/{rel}","templated":true}]}}