{"id":30294,"date":"2026-04-23T21:24:44","date_gmt":"2026-04-23T21:24:44","guid":{"rendered":"https:\/\/kinoxa.com.mx\/?post_type=product&#038;p=30294"},"modified":"2026-04-27T16:01:53","modified_gmt":"2026-04-27T16:01:53","slug":"lavaloza-bajo-mostrador-meiko-upster-u500","status":"publish","type":"product","link":"https:\/\/kinoxa.com.mx\/?product=lavaloza-bajo-mostrador-meiko-upster-u500","title":{"rendered":"Lavaloza de Capota Meiko UPster H500"},"content":{"rendered":"<p>Lavaloza de Capota Meiko UPster H500<br \/>\nLavado ultra confortable en tiempo r\u00e9cord: UPster H500 \u00ae ofrece limpieza<br \/>\npotente en un paquete f\u00e1cil de usar, adem\u00e1s su arranque autom\u00e1tico al cierre la<br \/>\nhace mas vers\u00e1til. Tambi\u00e9n es una excelente opci\u00f3n para art\u00edculos altos, como<br \/>\ngrandes platos, platones y bandejas (altura de entrada 440 mm).<\/p>\n<p>CAPACIDAD:<br \/>\n40 racks\/hr.<\/p>\n<p>CONSUMO DE AGUA :<br \/>\n3.0 litros \/rack<\/p>\n<p>TEMPERATURA DE SUMINISTRO DE<br \/>\nAGUA de 10\u00b0 a 60\u00b0C<\/p>\n<p>VOLTAJES:<br \/>\n230V \/ 60Hz \/ 3Ph<\/p>\n","protected":false},"excerpt":{"rendered":"<p>Lavaloza de Capota Meiko UPster H500 Lavado ultra confortable en tiempo r\u00e9cord: UPster H500 \u00ae ofrece limpieza potente en un<\/p>\n","protected":false},"featured_media":30296,"comment_status":"open","ping_status":"closed","template":"","meta":{"_acf_changed":false},"product_brand":[105],"product_cat":[103,104],"product_tag":[112,96,99,113,102,94,101],"class_list":{"0":"post-30294","1":"product","2":"type-product","3":"status-publish","4":"has-post-thumbnail","6":"product_brand-meiko","7":"product_cat-lavado-de-loza","8":"product_cat-lavavajillas","9":"product_tag-bares","10":"product_tag-comedor-industrial","11":"product_tag-hoteles","12":"product_tag-pasteleria","13":"product_tag-pizzeria","14":"product_tag-restaurante","15":"product_tag-todos","17":"first","18":"instock","19":"featured","20":"taxable","21":"shipping-taxable","22":"purchasable","23":"product-type-simple"},"acf":[],"_links":{"self":[{"href":"https:\/\/kinoxa.com.mx\/index.php?rest_route=\/wp\/v2\/product\/30294","targetHints":{"allow":["GET"]}}],"collection":[{"href":"https:\/\/kinoxa.com.mx\/index.php?rest_route=\/wp\/v2\/product"}],"about":[{"href":"https:\/\/kinoxa.com.mx\/index.php?rest_route=\/wp\/v2\/types\/product"}],"replies":[{"embeddable":true,"href":"https:\/\/kinoxa.com.mx\/index.php?rest_route=%2Fwp%2Fv2%2Fcomments&post=30294"}],"version-history":[{"count":3,"href":"https:\/\/kinoxa.com.mx\/index.php?rest_route=\/wp\/v2\/product\/30294\/revisions"}],"predecessor-version":[{"id":30300,"href":"https:\/\/kinoxa.com.mx\/index.php?rest_route=\/wp\/v2\/product\/30294\/revisions\/30300"}],"wp:featuredmedia":[{"embeddable":true,"href":"https:\/\/kinoxa.com.mx\/index.php?rest_route=\/wp\/v2\/media\/30296"}],"wp:attachment":[{"href":"https:\/\/kinoxa.com.mx\/index.php?rest_route=%2Fwp%2Fv2%2Fmedia&parent=30294"}],"wp:term":[{"taxonomy":"product_brand","embeddable":true,"href":"https:\/\/kinoxa.com.mx\/index.php?rest_route=%2Fwp%2Fv2%2Fproduct_brand&post=30294"},{"taxonomy":"product_cat","embeddable":true,"href":"https:\/\/kinoxa.com.mx\/index.php?rest_route=%2Fwp%2Fv2%2Fproduct_cat&post=30294"},{"taxonomy":"product_tag","embeddable":true,"href":"https:\/\/kinoxa.com.mx\/index.php?rest_route=%2Fwp%2Fv2%2Fproduct_tag&post=30294"}],"curies":[{"name":"wp","href":"https:\/\/api.w.org\/{rel}","templated":true}]}}